{"id":4,"date":"2024-12-15T06:58:09","date_gmt":"2024-12-15T06:58:09","guid":{"rendered":"https:\/\/shop.hb9id.ch\/?page_id=4"},"modified":"2024-12-15T13:08:00","modified_gmt":"2024-12-15T12:08:00","slug":"awpcp-anzeigen","status":"publish","type":"page","link":"https:\/\/shop.hb9id.ch\/","title":{"rendered":"Startseite Marktplatz"},"content":{"rendered":"<div id=\"classiwrapper\">\n    \n        <div class=\"uiwelcome\"><\/div>\n    \n        <ul class=\"awpcp-classifieds-menu awpcp-clearfix\" data-breakpoints='{\"tiny\": [0,400], \"small\": [400,500]}' data-breakpoints-class-prefix=\"awpcp-classifieds-menu\">\n<\/ul>\n    \n    <form class=\"awpcp-category-switcher\" method=\"post\" action=\"https:\/\/shop.hb9id.ch\/?page_id=10\">\n        <input type=\"hidden\" name=\"offset\" value=\"0\" \/>\n    \n    <div class=\"awpcp-category-dropdown-container\">\n        <label class=\"awpcp-category-dropdown-label\" for=\"awpcp-category-dropdown-69e4af675408c\">Kategorie<\/label>\n\n\n<select id=\"awpcp-category-dropdown-69e4af675408c\" class=\"awpcp-category-dropdown awpcp-dropdown \" name=\"awpcp_category_id\" data-hash=\"69e4af675408c\" placeholder=\"Alle Kategorien\" data-auto=\"auto\" style=\"width: 100%\">\n        <option class=\"awpcp-dropdown-placeholder\">Alle Kategorien<\/option>\n    <option class=\"dropdownparentcategory\" value=\"13\">Antennen und Zubeh\u00f6r<\/option><option class=\"\" value=\"12\">&nbsp;&nbsp;&nbsp;Antennenkabel, Antennenstecker<\/option><option class=\"\" value=\"6\">&nbsp;&nbsp;&nbsp;Antennen<\/option><option class=\"dropdownparentcategory\" value=\"14\">Funkger\u00e4te<\/option><option class=\"\" value=\"5\">&nbsp;&nbsp;&nbsp;CB-Funk \/ PMR Funk - Ger\u00e4te<\/option><option class=\"\" value=\"4\">&nbsp;&nbsp;&nbsp;Amateurfunk - Ger\u00e4te<\/option><option class=\"dropdownparentcategory\" value=\"7\">Stromversorgungen<\/option><option class=\"\" value=\"15\">&nbsp;&nbsp;&nbsp;Kabel, Stecker<\/option><option class=\"\" value=\"8\">&nbsp;&nbsp;&nbsp;Akkus<\/option><option class=\"dropdownparentcategory\" value=\"9\">Diverses<\/option><\/select>\n\n\n<script type=\"text\/javascript\">var categories_69e4af675408c = {\"mode\":\"basic\",\"select2\":{\"containerCssClass\":\"awpcp-category-dropdown-selection\",\"dropdownCssClass\":\"awpcp-category-dropdown-options\",\"allowClear\":true,\"placeholder\":\"Alle Kategorien\",\"maximumSelectionLength\":100},\"selectedCategoriesIds\":[],\"categoriesHierarchy\":{\"root\":[{\"term_id\":13,\"name\":\"Antennen und Zubeh\\u00f6r\",\"slug\":\"antennen-und-zubehoer\",\"term_group\":0,\"term_taxonomy_id\":13,\"taxonomy\":\"awpcp_listing_category\",\"description\":\"\",\"parent\":0,\"count\":0,\"filter\":\"raw\"},{\"term_id\":14,\"name\":\"Funkger\\u00e4te\",\"slug\":\"funkgeraete\",\"term_group\":0,\"term_taxonomy_id\":14,\"taxonomy\":\"awpcp_listing_category\",\"description\":\"\",\"parent\":0,\"count\":0,\"filter\":\"raw\"},{\"term_id\":7,\"name\":\"Stromversorgungen\",\"slug\":\"stromversorgungen-kabel-stecker\",\"term_group\":0,\"term_taxonomy_id\":7,\"taxonomy\":\"awpcp_listing_category\",\"description\":\"Stromversorgung, Stromkabel, Stecker, Netzteile\",\"parent\":0,\"count\":0,\"filter\":\"raw\"},{\"term_id\":9,\"name\":\"Diverses\",\"slug\":\"diverses\",\"term_group\":0,\"term_taxonomy_id\":9,\"taxonomy\":\"awpcp_listing_category\",\"description\":\"\",\"parent\":0,\"count\":1,\"filter\":\"raw\"}],\"13\":[{\"term_id\":12,\"name\":\"Antennenkabel, Antennenstecker\",\"slug\":\"antennenkabel-antennenstecker\",\"term_group\":0,\"term_taxonomy_id\":12,\"taxonomy\":\"awpcp_listing_category\",\"description\":\"\",\"parent\":13,\"count\":4,\"filter\":\"raw\"},{\"term_id\":6,\"name\":\"Antennen\",\"slug\":\"antennen\",\"term_group\":0,\"term_taxonomy_id\":6,\"taxonomy\":\"awpcp_listing_category\",\"description\":\"Alle Arten von Antennen\",\"parent\":13,\"count\":0,\"filter\":\"raw\"}],\"7\":[{\"term_id\":15,\"name\":\"Kabel, Stecker\",\"slug\":\"kabel-stecker\",\"term_group\":0,\"term_taxonomy_id\":15,\"taxonomy\":\"awpcp_listing_category\",\"description\":\"\",\"parent\":7,\"count\":0,\"filter\":\"raw\"},{\"term_id\":8,\"name\":\"Akkus\",\"slug\":\"akkus\",\"term_group\":0,\"term_taxonomy_id\":8,\"taxonomy\":\"awpcp_listing_category\",\"description\":\"Alle Arten von Akkus\",\"parent\":7,\"count\":0,\"filter\":\"raw\"}],\"14\":[{\"term_id\":5,\"name\":\"CB-Funk \\\/ PMR Funk - Ger\\u00e4te\",\"slug\":\"cb-funk-pmr-funk-geraete\",\"term_group\":0,\"term_taxonomy_id\":5,\"taxonomy\":\"awpcp_listing_category\",\"description\":\"CB-Funkger\\u00e4te und PMR Funkger\\u00e4te\",\"parent\":14,\"count\":0,\"filter\":\"raw\"},{\"term_id\":4,\"name\":\"Amateurfunk - Ger\\u00e4te\",\"slug\":\"amateurfunk-geraete\",\"term_group\":0,\"term_taxonomy_id\":4,\"taxonomy\":\"awpcp_listing_category\",\"description\":\"Alle Arten von Amateurfunkger\\u00e4ten. Verkauf nur an Lizenzierte Amateurfunker\",\"parent\":14,\"count\":0,\"filter\":\"raw\"}]},\"paymentTerms\":[],\"subcategoryLabel\":\"W\\u00e4hlen Sie eine Unterkategorie\"};<\/script>\n    <\/div>\n<\/form>\n<div class=\"awpcp-pagination pager\">\n    \n    <\/div>\n\n    <div class=\"awpcp-listings awpcp-clearboth\">\n        <div class=\"awpcp-listing-excerpt displayaditemseven $isfeaturedclass\" data-breakpoints-class-prefix=\"awpcp-listing-excerpt\" data-breakpoints='{\"tiny\": [0,328], \"small\": [328,600], \"medium\": [600,999999]}'>\r\n    <div class=\"awpcp-listing-excerpt-thumbnail\">\r\n        <a class=\"awpcp-listing-primary-image-listing-link\" href=\"https:\/\/shop.hb9id.ch\/?awpcp_listing=albrecht-antennenkabel-0-5m-pl259-stecker\"><img loading=\"lazy\" decoding=\"async\" width=\"80\" height=\"80\" src=\"https:\/\/shop.hb9id.ch\/wp-content\/uploads\/2024\/12\/albrecht-jumperkabel-ca65a689-80x80.jpg\" class=\"awpcp-listing-primary-image-thumbnail\" alt=\"Albrecht Antennenkabel 0.5m \/ PL259 Stecker\" style=\"width: 80px;\" srcset=\"https:\/\/shop.hb9id.ch\/wp-content\/uploads\/2024\/12\/albrecht-jumperkabel-ca65a689-80x80.jpg 80w, https:\/\/shop.hb9id.ch\/wp-content\/uploads\/2024\/12\/albrecht-jumperkabel-ca65a689-150x150.jpg 150w, https:\/\/shop.hb9id.ch\/wp-content\/uploads\/2024\/12\/albrecht-jumperkabel-ca65a689-125x125.jpg 125w, https:\/\/shop.hb9id.ch\/wp-content\/uploads\/2024\/12\/albrecht-jumperkabel-ca65a689-200x200.jpg 200w\" sizes=\"auto, (max-width: 80px) 100vw, 80px\" \/><\/a>\r\n    <\/div>\r\n    <div class=\"awpcp-listing-excerpt-inner\" style=\"w\">\r\n        <h4 class=\"awpcp-listing-title\"><a href=\"https:\/\/shop.hb9id.ch\/?awpcp_listing=albrecht-antennenkabel-0-5m-pl259-stecker\">Albrecht Antennenkabel 0.5m \/ PL259 Stecker<\/a><\/h4>\r\n        <div class=\"awpcp-listing-excerpt-content\">Albrecht Kabel NC-535 Zwischenkabel f\u00fcr Funkantennen 50 cm lang Je einen PL-259-Anschluss Neu und OVP<\/div>\r\n    <\/div>\r\n    <div class=\"awpcp-listing-excerpt-extra\">\r\n        25\/12\/2024<br\/>\r\n        \r\n        \r\n        \r\n        Preis: 9.30 SFr.\r\n        \r\n    <\/div>\r\n    <span class=\"fixfloat\"><\/span>\r\n<\/div>\r\n<div class=\"fixfloat\"><\/div><div class=\"awpcp-listing-excerpt displayaditemsodd $isfeaturedclass\" data-breakpoints-class-prefix=\"awpcp-listing-excerpt\" data-breakpoints='{\"tiny\": [0,328], \"small\": [328,600], \"medium\": [600,999999]}'>\r\n    <div class=\"awpcp-listing-excerpt-thumbnail\">\r\n        <a class=\"awpcp-listing-primary-image-listing-link\" href=\"https:\/\/shop.hb9id.ch\/?awpcp_listing=albrecht-antennenkabel-1-5m-pl259-stecker\"><img loading=\"lazy\" decoding=\"async\" width=\"80\" height=\"80\" src=\"https:\/\/shop.hb9id.ch\/wp-content\/uploads\/2024\/12\/albrecht-jumperkabel-d18ecb90-80x80.jpg\" class=\"awpcp-listing-primary-image-thumbnail\" alt=\"Albrecht Antennenkabel 1.5m \/ PL259 Stecker\" style=\"width: 80px;\" srcset=\"https:\/\/shop.hb9id.ch\/wp-content\/uploads\/2024\/12\/albrecht-jumperkabel-d18ecb90-80x80.jpg 80w, https:\/\/shop.hb9id.ch\/wp-content\/uploads\/2024\/12\/albrecht-jumperkabel-d18ecb90-150x150.jpg 150w, https:\/\/shop.hb9id.ch\/wp-content\/uploads\/2024\/12\/albrecht-jumperkabel-d18ecb90-125x125.jpg 125w, https:\/\/shop.hb9id.ch\/wp-content\/uploads\/2024\/12\/albrecht-jumperkabel-d18ecb90-200x200.jpg 200w\" sizes=\"auto, (max-width: 80px) 100vw, 80px\" \/><\/a>\r\n    <\/div>\r\n    <div class=\"awpcp-listing-excerpt-inner\" style=\"w\">\r\n        <h4 class=\"awpcp-listing-title\"><a href=\"https:\/\/shop.hb9id.ch\/?awpcp_listing=albrecht-antennenkabel-1-5m-pl259-stecker\">Albrecht Antennenkabel 1.5m \/ PL259 Stecker<\/a><\/h4>\r\n        <div class=\"awpcp-listing-excerpt-content\">Ideal zum Anschluss von Balkon- und Stationsantennen usw. 150 cm lang Je einen PL-259-Anschluss Neu und OVP<\/div>\r\n    <\/div>\r\n    <div class=\"awpcp-listing-excerpt-extra\">\r\n        25\/12\/2024<br\/>\r\n        \r\n        \r\n        \r\n        Preis: 11.50 SFr.\r\n        \r\n    <\/div>\r\n    <span class=\"fixfloat\"><\/span>\r\n<\/div>\r\n<div class=\"fixfloat\"><\/div><div class=\"awpcp-listing-excerpt displayaditemseven $isfeaturedclass\" data-breakpoints-class-prefix=\"awpcp-listing-excerpt\" data-breakpoints='{\"tiny\": [0,328], \"small\": [328,600], \"medium\": [600,999999]}'>\r\n    <div class=\"awpcp-listing-excerpt-thumbnail\">\r\n        <a class=\"awpcp-listing-primary-image-listing-link\" href=\"https:\/\/shop.hb9id.ch\/?awpcp_listing=albrecht-antennenkabel-10m-pl259-stecker\"><img loading=\"lazy\" decoding=\"async\" width=\"80\" height=\"80\" src=\"https:\/\/shop.hb9id.ch\/wp-content\/uploads\/2024\/12\/albrecht-jumperkabel-74d29088-80x80.jpg\" class=\"awpcp-listing-primary-image-thumbnail\" alt=\"Albrecht Antennenkabel 10m \/ PL259 Stecker\" style=\"width: 80px;\" srcset=\"https:\/\/shop.hb9id.ch\/wp-content\/uploads\/2024\/12\/albrecht-jumperkabel-74d29088-80x80.jpg 80w, https:\/\/shop.hb9id.ch\/wp-content\/uploads\/2024\/12\/albrecht-jumperkabel-74d29088-150x150.jpg 150w, https:\/\/shop.hb9id.ch\/wp-content\/uploads\/2024\/12\/albrecht-jumperkabel-74d29088-125x125.jpg 125w, https:\/\/shop.hb9id.ch\/wp-content\/uploads\/2024\/12\/albrecht-jumperkabel-74d29088-200x200.jpg 200w\" sizes=\"auto, (max-width: 80px) 100vw, 80px\" \/><\/a>\r\n    <\/div>\r\n    <div class=\"awpcp-listing-excerpt-inner\" style=\"w\">\r\n        <h4 class=\"awpcp-listing-title\"><a href=\"https:\/\/shop.hb9id.ch\/?awpcp_listing=albrecht-antennenkabel-10m-pl259-stecker\">Albrecht Antennenkabel 10m \/ PL259 Stecker<\/a><\/h4>\r\n        <div class=\"awpcp-listing-excerpt-content\">Ideal zum Anschluss von Balkon- und Stationsantennen usw. 10m lang Je einen PL-259-Anschluss Neu und OVP<\/div>\r\n    <\/div>\r\n    <div class=\"awpcp-listing-excerpt-extra\">\r\n        25\/12\/2024<br\/>\r\n        \r\n        \r\n        \r\n        Preis: 29.00 SFr.\r\n        \r\n    <\/div>\r\n    <span class=\"fixfloat\"><\/span>\r\n<\/div>\r\n<div class=\"fixfloat\"><\/div><div class=\"awpcp-listing-excerpt displayaditemsodd $isfeaturedclass\" data-breakpoints-class-prefix=\"awpcp-listing-excerpt\" data-breakpoints='{\"tiny\": [0,328], \"small\": [328,600], \"medium\": [600,999999]}'>\r\n    <div class=\"awpcp-listing-excerpt-thumbnail\">\r\n        <a class=\"awpcp-listing-primary-image-listing-link\" href=\"https:\/\/shop.hb9id.ch\/?awpcp_listing=einkaufswagen-entriegler-hb9id-mit-goennerbeitrag\"><img loading=\"lazy\" decoding=\"async\" width=\"80\" height=\"80\" src=\"https:\/\/shop.hb9id.ch\/wp-content\/uploads\/2024\/12\/entriegler-5d608dd0-80x80.jpg\" class=\"awpcp-listing-primary-image-thumbnail\" alt=\"Einkaufswagen - Entriegler &quot;HB9ID&quot; mit G\u00f6nnerbeitrag\" style=\"width: 80px;\" srcset=\"https:\/\/shop.hb9id.ch\/wp-content\/uploads\/2024\/12\/entriegler-5d608dd0-80x80.jpg 80w, https:\/\/shop.hb9id.ch\/wp-content\/uploads\/2024\/12\/entriegler-5d608dd0-150x150.jpg 150w, https:\/\/shop.hb9id.ch\/wp-content\/uploads\/2024\/12\/entriegler-5d608dd0-125x125.jpg 125w, https:\/\/shop.hb9id.ch\/wp-content\/uploads\/2024\/12\/entriegler-5d608dd0-200x200.jpg 200w\" sizes=\"auto, (max-width: 80px) 100vw, 80px\" \/><\/a>\r\n    <\/div>\r\n    <div class=\"awpcp-listing-excerpt-inner\" style=\"w\">\r\n        <h4 class=\"awpcp-listing-title\"><a href=\"https:\/\/shop.hb9id.ch\/?awpcp_listing=einkaufswagen-entriegler-hb9id-mit-goennerbeitrag\">Einkaufswagen - Entriegler &quot;HB9ID&quot; mit G\u00f6nnerbeitrag<\/a><\/h4>\r\n        <div class=\"awpcp-listing-excerpt-content\">Der Einkaufswagenentriegler kann am Schl\u00fcsselbund mitgef\u00fchrt werden und erspart das suchen nach einer M\u00fcnze. Der Kaufpreis betr\u00e4gt mindestens Fr. 26.00.&hellip;<\/div>\r\n    <\/div>\r\n    <div class=\"awpcp-listing-excerpt-extra\">\r\n        30\/01\/2025<br\/>\r\n        \r\n        \r\n        \r\n        Preis: 26.00 SFr.\r\n        \r\n    <\/div>\r\n    <span class=\"fixfloat\"><\/span>\r\n<\/div>\r\n<div class=\"fixfloat\"><\/div><div class=\"awpcp-listing-excerpt displayaditemseven $isfeaturedclass\" data-breakpoints-class-prefix=\"awpcp-listing-excerpt\" data-breakpoints='{\"tiny\": [0,328], \"small\": [328,600], \"medium\": [600,999999]}'>\r\n    <div class=\"awpcp-listing-excerpt-thumbnail\">\r\n        <a class=\"awpcp-listing-primary-image-listing-link\" href=\"https:\/\/shop.hb9id.ch\/?awpcp_listing=kabel-rg58-auf-schnittlaenge\"><img loading=\"lazy\" decoding=\"async\" width=\"80\" height=\"80\" src=\"https:\/\/shop.hb9id.ch\/wp-content\/uploads\/2024\/12\/rg58-fd607e1d-80x80.jpg\" class=\"awpcp-listing-primary-image-thumbnail\" alt=\"Kabel RG58 auf Schnittl\u00e4nge\" style=\"width: 80px;\" srcset=\"https:\/\/shop.hb9id.ch\/wp-content\/uploads\/2024\/12\/rg58-fd607e1d-80x80.jpg 80w, https:\/\/shop.hb9id.ch\/wp-content\/uploads\/2024\/12\/rg58-fd607e1d-150x150.jpg 150w, https:\/\/shop.hb9id.ch\/wp-content\/uploads\/2024\/12\/rg58-fd607e1d-125x125.jpg 125w, https:\/\/shop.hb9id.ch\/wp-content\/uploads\/2024\/12\/rg58-fd607e1d-200x200.jpg 200w\" sizes=\"auto, (max-width: 80px) 100vw, 80px\" \/><\/a>\r\n    <\/div>\r\n    <div class=\"awpcp-listing-excerpt-inner\" style=\"w\">\r\n        <h4 class=\"awpcp-listing-title\"><a href=\"https:\/\/shop.hb9id.ch\/?awpcp_listing=kabel-rg58-auf-schnittlaenge\">Kabel RG58 auf Schnittl\u00e4nge<\/a><\/h4>\r\n        <div class=\"awpcp-listing-excerpt-content\">Koaxialkabel RG, US-Norm MIL-C-17RG 58 C\/U 50 \u2126, Leiter Litze Cu 19x0,18 mm, verzinnt, Isolation PE, Geflecht Cu verzinnt, Mantel&hellip;<\/div>\r\n    <\/div>\r\n    <div class=\"awpcp-listing-excerpt-extra\">\r\n        24\/12\/2024<br\/>\r\n        \r\n        \r\n        \r\n        Preis: 0.78 SFr.\r\n        \r\n    <\/div>\r\n    <span class=\"fixfloat\"><\/span>\r\n<\/div>\r\n<div class=\"fixfloat\"><\/div>    <\/div>\n\n    <div class=\"awpcp-pagination pager\">\n    \n        <form class=\"awpcp-pagination-form\" method=\"get\">\n        <input type=\"hidden\" name=\"rest_route\" value=\"\/wp\/v2\/pages\/4\" \/>\n        \n        <label for=\"awpcp-pagination-results-0-34485900-1776594791\">Anzeigen pro Seite<\/label>\n\n        <select id=\"awpcp-pagination-results-0-34485900-1776594791\" name=\"results\">\n                                <option value=\"5\">5<\/option>\n                                            <option value=\"10\" selected=\"selected\">10<\/option>\n                                            <option value=\"20\">20<\/option>\n                                            <option value=\"30\">30<\/option>\n                                            <option value=\"40\">40<\/option>\n                                            <option value=\"50\">50<\/option>\n                                            <option value=\"60\">60<\/option>\n                                            <option value=\"70\">70<\/option>\n                                            <option value=\"80\">80<\/option>\n                                            <option value=\"90\">90<\/option>\n                                            <option value=\"100\">100<\/option>\n                                            <option value=\"500\">500<\/option>\n                            <\/select>\n\n            <\/form>\n    <\/div>\n<\/div>\n\n","protected":false},"excerpt":{"rendered":"","protected":false},"author":1,"featured_media":0,"parent":0,"menu_order":0,"comment_status":"closed","ping_status":"closed","template":"","meta":{"footnotes":""},"class_list":["post-4","page","type-page","status-publish","hentry"],"_links":{"self":[{"href":"https:\/\/shop.hb9id.ch\/index.php?rest_route=\/wp\/v2\/pages\/4","targetHints":{"allow":["GET"]}}],"collection":[{"href":"https:\/\/shop.hb9id.ch\/index.php?rest_route=\/wp\/v2\/pages"}],"about":[{"href":"https:\/\/shop.hb9id.ch\/index.php?rest_route=\/wp\/v2\/types\/page"}],"author":[{"embeddable":true,"href":"https:\/\/shop.hb9id.ch\/index.php?rest_route=\/wp\/v2\/users\/1"}],"replies":[{"embeddable":true,"href":"https:\/\/shop.hb9id.ch\/index.php?rest_route=%2Fwp%2Fv2%2Fcomments&post=4"}],"version-history":[{"count":2,"href":"https:\/\/shop.hb9id.ch\/index.php?rest_route=\/wp\/v2\/pages\/4\/revisions"}],"predecessor-version":[{"id":40,"href":"https:\/\/shop.hb9id.ch\/index.php?rest_route=\/wp\/v2\/pages\/4\/revisions\/40"}],"wp:attachment":[{"href":"https:\/\/shop.hb9id.ch\/index.php?rest_route=%2Fwp%2Fv2%2Fmedia&parent=4"}],"curies":[{"name":"wp","href":"https:\/\/api.w.org\/{rel}","templated":true}]}}