{"id":52,"date":"2024-12-15T13:57:08","date_gmt":"2024-12-15T12:57:08","guid":{"rendered":"https:\/\/shop.hb9id.ch\/?page_id=52"},"modified":"2024-12-16T06:58:35","modified_gmt":"2024-12-16T05:58:35","slug":"allgemeine-bedingungen","status":"publish","type":"page","link":"https:\/\/shop.hb9id.ch\/?page_id=52","title":{"rendered":"Allgemeine Bedingungen"},"content":{"rendered":"\n<h2 class=\"wp-block-heading\">Allgemeine Gesch\u00e4ftsbedingungen (AGB) f\u00fcr den Online-Flohmarkt auf shop.hb9id.ch<\/h2>\n\n\n\n<p><strong>1. Geltungsbereich<\/strong> <br>Diese Allgemeinen Gesch\u00e4ftsbedingungen (AGB) regeln die Rechtsbeziehungen zwischen dem Funkverein Iddaburg \u2013 HB9ID (Plattformbetreiber) und den Nutzern (im Folgenden: &#8222;Nutzer&#8220;) des Online-Flohmarkts auf shop.hb9id.ch (im Folgenden: &#8222;Plattform&#8220;). Mit der Nutzung der Plattform erkl\u00e4rt sich der Nutzer mit diesen AGB einverstanden.<\/p>\n\n\n\n<p><strong>2. Leistungen des Anbieters<\/strong> <br>2.1 Der Funkverein Iddaburg \u2013 HB9ID stellt als neutraler Dienstleister eine Online-Plattform zur Verf\u00fcgung, \u00fcber die Nutzer untereinander gebrauchte und neue Gegenst\u00e4nde kaufen und verkaufen k\u00f6nnen. <br>2.2 Der Plattformbetreiber ist weder Verk\u00e4ufer noch K\u00e4ufer der auf der Plattform angebotenen Waren und \u00fcbernimmt keine Haftung f\u00fcr deren Beschaffenheit, Qualit\u00e4t, Funktionsf\u00e4higkeit oder Rechtm\u00e4\u00dfigkeit.<\/p>\n\n\n\n<p><strong>3. Pflichten des Nutzers<\/strong> <br>Die Nutzer sind verpflichtet die Angebote auf Richtigkeit zu pr\u00fcfen, die Verkaufbeziehung selber zu verifizieren und allf\u00e4lligen Missbrauch sofort zu melden<\/p>\n\n\n\n<p><strong>4. Kaufvertrag<\/strong> <br>4.1 Ein Kaufvertrag kommt ausschlie\u00dflich zwischen dem Verk\u00e4ufer (Nutzer) und dem K\u00e4ufer (Nutzer) zustande. Der Betreiber ist lediglich Vermittler und tritt nicht als Vertragspartner auf. <br>4.2 Alle vertraglichen Beziehungen, insbesondere hinsichtlich Gew\u00e4hrleistung, Haftung und R\u00fcckgabe, richten sich ausschlie\u00dflich nach den Vereinbarungen zwischen Verk\u00e4ufer und K\u00e4ufer.<\/p>\n\n\n\n<p><strong>5. Haftung<\/strong> <br>5.1 Der Plattformbetreiber lehnt jegliche Haftung f\u00fcr die Angebotete Ware ab.<br>5.2 <strong>Der Anbieter \u00fcbernimmt insbesondere keine Haftung f\u00fcr:<\/strong><\/p>\n\n\n\n<ul class=\"wp-block-list\">\n<li>die Richtigkeit, Vollst\u00e4ndigkeit oder Aktualit\u00e4t der von Nutzern eingestellten Informationen;<\/li>\n\n\n\n<li>die Beschaffenheit, Qualit\u00e4t, Funktionsf\u00e4higkeit oder Rechtm\u00e4\u00dfigkeit der angebotenen Waren und Dienstleistungen;<\/li>\n\n\n\n<li>Verluste oder Sch\u00e4den, die durch den Kauf oder die Nutzung von \u00fcber die Plattform erworbenen Waren entstehen.<\/li>\n<\/ul>\n","protected":false},"excerpt":{"rendered":"<p>Allgemeine Gesch\u00e4ftsbedingungen (AGB) f\u00fcr den Online-Flohmarkt auf shop.hb9id.ch 1. Geltungsbereich Diese Allgemeinen Gesch\u00e4ftsbedingungen (AGB) regeln die Rechtsbeziehungen zwischen dem Funkverein Iddaburg \u2013<\/p>\n<p class=\"link-more\"><a class=\"myButt \" href=\"https:\/\/shop.hb9id.ch\/?page_id=52\">Read More<\/a><\/p>\n","protected":false},"author":1,"featured_media":0,"parent":0,"menu_order":0,"comment_status":"closed","ping_status":"closed","template":"","meta":{"footnotes":""},"class_list":["post-52","page","type-page","status-publish","hentry"],"_links":{"self":[{"href":"https:\/\/shop.hb9id.ch\/index.php?rest_route=\/wp\/v2\/pages\/52","targetHints":{"allow":["GET"]}}],"collection":[{"href":"https:\/\/shop.hb9id.ch\/index.php?rest_route=\/wp\/v2\/pages"}],"about":[{"href":"https:\/\/shop.hb9id.ch\/index.php?rest_route=\/wp\/v2\/types\/page"}],"author":[{"embeddable":true,"href":"https:\/\/shop.hb9id.ch\/index.php?rest_route=\/wp\/v2\/users\/1"}],"replies":[{"embeddable":true,"href":"https:\/\/shop.hb9id.ch\/index.php?rest_route=%2Fwp%2Fv2%2Fcomments&post=52"}],"version-history":[{"count":3,"href":"https:\/\/shop.hb9id.ch\/index.php?rest_route=\/wp\/v2\/pages\/52\/revisions"}],"predecessor-version":[{"id":72,"href":"https:\/\/shop.hb9id.ch\/index.php?rest_route=\/wp\/v2\/pages\/52\/revisions\/72"}],"wp:attachment":[{"href":"https:\/\/shop.hb9id.ch\/index.php?rest_route=%2Fwp%2Fv2%2Fmedia&parent=52"}],"curies":[{"name":"wp","href":"https:\/\/api.w.org\/{rel}","templated":true}]}}